{"id":430,"date":"2013-06-13T07:55:33","date_gmt":"2013-06-13T07:55:33","guid":{"rendered":"http:\/\/impreza.us-themes.net\/pages\/sidebar-right\/"},"modified":"2017-07-13T19:17:49","modified_gmt":"2017-07-13T19:17:49","slug":"laminas-de-seguridad-para-autos","status":"publish","type":"page","link":"https:\/\/www.polarizadochile.cl\/index.php\/laminas-de-seguridad-para-autos\/","title":{"rendered":"Laminas de Seguridad para Autos"},"content":{"rendered":"<h2 style=\"text-align: justify;\">Laminas de Seguridad para Autos<\/h2>\n<p style=\"text-align: justify;\">La pel\u00edcula de seguridad y protecci\u00f3n provee de una fuerte barrera de protecci\u00f3n entre usted y el cristal en el caso de un accidente.<br \/>\nEn menos de cinco segundos, un ladr\u00f3n puede romper la ventana de su auto y robar sus art\u00edculos de valor.<\/p>\n<p style=\"text-align: justify;\">Las pel\u00edculas de seguridad y protecci\u00f3n son las mejores defensas contra los robos y ataques expr\u00e9s.<\/p>\n<p><img loading=\"lazy\" decoding=\"async\" class=\"aligncenter wp-image-4844\" src=\"http:\/\/www.polarizadochile.cl\/wp-content\/uploads\/2016\/06\/laminas-de-seguridad-polarizados-y-transparentes-1171-MLC4439223643_062013-F-1024x738.jpg\" alt=\"\" width=\"694\" height=\"500\" srcset=\"https:\/\/www.polarizadochile.cl\/wp-content\/uploads\/2016\/06\/laminas-de-seguridad-polarizados-y-transparentes-1171-MLC4439223643_062013-F-1024x738.jpg 1024w, https:\/\/www.polarizadochile.cl\/wp-content\/uploads\/2016\/06\/laminas-de-seguridad-polarizados-y-transparentes-1171-MLC4439223643_062013-F-300x216.jpg 300w, https:\/\/www.polarizadochile.cl\/wp-content\/uploads\/2016\/06\/laminas-de-seguridad-polarizados-y-transparentes-1171-MLC4439223643_062013-F-768x554.jpg 768w, https:\/\/www.polarizadochile.cl\/wp-content\/uploads\/2016\/06\/laminas-de-seguridad-polarizados-y-transparentes-1171-MLC4439223643_062013-F-600x433.jpg 600w, https:\/\/www.polarizadochile.cl\/wp-content\/uploads\/2016\/06\/laminas-de-seguridad-polarizados-y-transparentes-1171-MLC4439223643_062013-F.jpg 1200w\" sizes=\"(max-width: 694px) 100vw, 694px\" \/><\/p>\n","protected":false},"excerpt":{"rendered":"<p>Laminas de Seguridad para Autos La pel\u00edcula de seguridad y protecci\u00f3n provee de una fuerte barrera de protecci\u00f3n entre usted y el cristal en el caso de un accidente. En&#8230;<\/p>\n","protected":false},"author":1,"featured_media":0,"parent":0,"menu_order":0,"comment_status":"closed","ping_status":"closed","template":"","meta":{"footnotes":""},"class_list":["post-430","page","type-page","status-publish","hentry"],"yoast_head":"<!-- This site is optimized with the Yoast SEO plugin v25.6 - https:\/\/yoast.com\/wordpress\/plugins\/seo\/ -->\n<title>Laminas de Seguridad para Autos - Polarizado de Autos | Polarizado a Domicilio | Polarizado de Casas | Polarizado de Empresas | Polarizado de Vidrios | Polarizado de ventanas<\/title>\n<meta name=\"robots\" content=\"index, follow, max-snippet:-1, max-image-preview:large, max-video-preview:-1\" \/>\n<link rel=\"canonical\" href=\"https:\/\/www.polarizadochile.cl\/index.php\/laminas-de-seguridad-para-autos\/\" \/>\n<meta property=\"og:locale\" content=\"es_ES\" \/>\n<meta property=\"og:type\" content=\"article\" \/>\n<meta property=\"og:title\" content=\"Laminas de Seguridad para Autos - Polarizado de Autos | Polarizado a Domicilio | Polarizado de Casas | Polarizado de Empresas | Polarizado de Vidrios | Polarizado de ventanas\" \/>\n<meta property=\"og:description\" content=\"Laminas de Seguridad para Autos La pel\u00edcula de seguridad y protecci\u00f3n provee de una fuerte barrera de protecci\u00f3n entre usted y el cristal en el caso de un accidente. En...\" \/>\n<meta property=\"og:url\" content=\"https:\/\/www.polarizadochile.cl\/index.php\/laminas-de-seguridad-para-autos\/\" \/>\n<meta property=\"og:site_name\" content=\"Polarizado de Autos | Polarizado a Domicilio | Polarizado de Casas | Polarizado de Empresas | Polarizado de Vidrios | Polarizado de ventanas\" \/>\n<meta property=\"article:modified_time\" content=\"2017-07-13T19:17:49+00:00\" \/>\n<meta property=\"og:image\" content=\"http:\/\/www.polarizadochile.cl\/wp-content\/uploads\/2016\/06\/laminas-de-seguridad-polarizados-y-transparentes-1171-MLC4439223643_062013-F-1024x738.jpg\" \/>\n<meta name=\"twitter:card\" content=\"summary_large_image\" \/>\n<script type=\"application\/ld+json\" class=\"yoast-schema-graph\">{\"@context\":\"https:\/\/schema.org\",\"@graph\":[{\"@type\":\"WebPage\",\"@id\":\"https:\/\/www.polarizadochile.cl\/index.php\/laminas-de-seguridad-para-autos\/\",\"url\":\"https:\/\/www.polarizadochile.cl\/index.php\/laminas-de-seguridad-para-autos\/\",\"name\":\"Laminas de Seguridad para Autos - Polarizado de Autos | Polarizado a Domicilio | Polarizado de Casas | Polarizado de Empresas | Polarizado de Vidrios | Polarizado de ventanas\",\"isPartOf\":{\"@id\":\"https:\/\/www.polarizadochile.cl\/#website\"},\"primaryImageOfPage\":{\"@id\":\"https:\/\/www.polarizadochile.cl\/index.php\/laminas-de-seguridad-para-autos\/#primaryimage\"},\"image\":{\"@id\":\"https:\/\/www.polarizadochile.cl\/index.php\/laminas-de-seguridad-para-autos\/#primaryimage\"},\"thumbnailUrl\":\"http:\/\/www.polarizadochile.cl\/wp-content\/uploads\/2016\/06\/laminas-de-seguridad-polarizados-y-transparentes-1171-MLC4439223643_062013-F-1024x738.jpg\",\"datePublished\":\"2013-06-13T07:55:33+00:00\",\"dateModified\":\"2017-07-13T19:17:49+00:00\",\"breadcrumb\":{\"@id\":\"https:\/\/www.polarizadochile.cl\/index.php\/laminas-de-seguridad-para-autos\/#breadcrumb\"},\"inLanguage\":\"es-CL\",\"potentialAction\":[{\"@type\":\"ReadAction\",\"target\":[\"https:\/\/www.polarizadochile.cl\/index.php\/laminas-de-seguridad-para-autos\/\"]}]},{\"@type\":\"ImageObject\",\"inLanguage\":\"es-CL\",\"@id\":\"https:\/\/www.polarizadochile.cl\/index.php\/laminas-de-seguridad-para-autos\/#primaryimage\",\"url\":\"http:\/\/www.polarizadochile.cl\/wp-content\/uploads\/2016\/06\/laminas-de-seguridad-polarizados-y-transparentes-1171-MLC4439223643_062013-F-1024x738.jpg\",\"contentUrl\":\"http:\/\/www.polarizadochile.cl\/wp-content\/uploads\/2016\/06\/laminas-de-seguridad-polarizados-y-transparentes-1171-MLC4439223643_062013-F-1024x738.jpg\"},{\"@type\":\"BreadcrumbList\",\"@id\":\"https:\/\/www.polarizadochile.cl\/index.php\/laminas-de-seguridad-para-autos\/#breadcrumb\",\"itemListElement\":[{\"@type\":\"ListItem\",\"position\":1,\"name\":\"Home\",\"item\":\"https:\/\/www.polarizadochile.cl\/\"},{\"@type\":\"ListItem\",\"position\":2,\"name\":\"Laminas de Seguridad para Autos\"}]},{\"@type\":\"WebSite\",\"@id\":\"https:\/\/www.polarizadochile.cl\/#website\",\"url\":\"https:\/\/www.polarizadochile.cl\/\",\"name\":\"Polarizado de Autos | Polarizado a Domicilio | Polarizado de Casas | Polarizado de Empresas | Polarizado de Vidrios | Polarizado de ventanas\",\"description\":\"Polarizado de Autos | Polarizado a Domicilio | Polarizado de Casas | Polarizado de Empresas | Polarizado de Vidrios | Polarizado de ventanas\",\"potentialAction\":[{\"@type\":\"SearchAction\",\"target\":{\"@type\":\"EntryPoint\",\"urlTemplate\":\"https:\/\/www.polarizadochile.cl\/?s={search_term_string}\"},\"query-input\":{\"@type\":\"PropertyValueSpecification\",\"valueRequired\":true,\"valueName\":\"search_term_string\"}}],\"inLanguage\":\"es-CL\"}]}<\/script>\n<!-- \/ Yoast SEO plugin. -->","yoast_head_json":{"title":"Laminas de Seguridad para Autos - Polarizado de Autos | Polarizado a Domicilio | Polarizado de Casas | Polarizado de Empresas | Polarizado de Vidrios | Polarizado de ventanas","robots":{"index":"index","follow":"follow","max-snippet":"max-snippet:-1","max-image-preview":"max-image-preview:large","max-video-preview":"max-video-preview:-1"},"canonical":"https:\/\/www.polarizadochile.cl\/index.php\/laminas-de-seguridad-para-autos\/","og_locale":"es_ES","og_type":"article","og_title":"Laminas de Seguridad para Autos - Polarizado de Autos | Polarizado a Domicilio | Polarizado de Casas | Polarizado de Empresas | Polarizado de Vidrios | Polarizado de ventanas","og_description":"Laminas de Seguridad para Autos La pel\u00edcula de seguridad y protecci\u00f3n provee de una fuerte barrera de protecci\u00f3n entre usted y el cristal en el caso de un accidente. En...","og_url":"https:\/\/www.polarizadochile.cl\/index.php\/laminas-de-seguridad-para-autos\/","og_site_name":"Polarizado de Autos | Polarizado a Domicilio | Polarizado de Casas | Polarizado de Empresas | Polarizado de Vidrios | Polarizado de ventanas","article_modified_time":"2017-07-13T19:17:49+00:00","og_image":[{"url":"http:\/\/www.polarizadochile.cl\/wp-content\/uploads\/2016\/06\/laminas-de-seguridad-polarizados-y-transparentes-1171-MLC4439223643_062013-F-1024x738.jpg","type":"","width":"","height":""}],"twitter_card":"summary_large_image","schema":{"@context":"https:\/\/schema.org","@graph":[{"@type":"WebPage","@id":"https:\/\/www.polarizadochile.cl\/index.php\/laminas-de-seguridad-para-autos\/","url":"https:\/\/www.polarizadochile.cl\/index.php\/laminas-de-seguridad-para-autos\/","name":"Laminas de Seguridad para Autos - Polarizado de Autos | Polarizado a Domicilio | Polarizado de Casas | Polarizado de Empresas | Polarizado de Vidrios | Polarizado de ventanas","isPartOf":{"@id":"https:\/\/www.polarizadochile.cl\/#website"},"primaryImageOfPage":{"@id":"https:\/\/www.polarizadochile.cl\/index.php\/laminas-de-seguridad-para-autos\/#primaryimage"},"image":{"@id":"https:\/\/www.polarizadochile.cl\/index.php\/laminas-de-seguridad-para-autos\/#primaryimage"},"thumbnailUrl":"http:\/\/www.polarizadochile.cl\/wp-content\/uploads\/2016\/06\/laminas-de-seguridad-polarizados-y-transparentes-1171-MLC4439223643_062013-F-1024x738.jpg","datePublished":"2013-06-13T07:55:33+00:00","dateModified":"2017-07-13T19:17:49+00:00","breadcrumb":{"@id":"https:\/\/www.polarizadochile.cl\/index.php\/laminas-de-seguridad-para-autos\/#breadcrumb"},"inLanguage":"es-CL","potentialAction":[{"@type":"ReadAction","target":["https:\/\/www.polarizadochile.cl\/index.php\/laminas-de-seguridad-para-autos\/"]}]},{"@type":"ImageObject","inLanguage":"es-CL","@id":"https:\/\/www.polarizadochile.cl\/index.php\/laminas-de-seguridad-para-autos\/#primaryimage","url":"http:\/\/www.polarizadochile.cl\/wp-content\/uploads\/2016\/06\/laminas-de-seguridad-polarizados-y-transparentes-1171-MLC4439223643_062013-F-1024x738.jpg","contentUrl":"http:\/\/www.polarizadochile.cl\/wp-content\/uploads\/2016\/06\/laminas-de-seguridad-polarizados-y-transparentes-1171-MLC4439223643_062013-F-1024x738.jpg"},{"@type":"BreadcrumbList","@id":"https:\/\/www.polarizadochile.cl\/index.php\/laminas-de-seguridad-para-autos\/#breadcrumb","itemListElement":[{"@type":"ListItem","position":1,"name":"Home","item":"https:\/\/www.polarizadochile.cl\/"},{"@type":"ListItem","position":2,"name":"Laminas de Seguridad para Autos"}]},{"@type":"WebSite","@id":"https:\/\/www.polarizadochile.cl\/#website","url":"https:\/\/www.polarizadochile.cl\/","name":"Polarizado de Autos | Polarizado a Domicilio | Polarizado de Casas | Polarizado de Empresas | Polarizado de Vidrios | Polarizado de ventanas","description":"Polarizado de Autos | Polarizado a Domicilio | Polarizado de Casas | Polarizado de Empresas | Polarizado de Vidrios | Polarizado de ventanas","potentialAction":[{"@type":"SearchAction","target":{"@type":"EntryPoint","urlTemplate":"https:\/\/www.polarizadochile.cl\/?s={search_term_string}"},"query-input":{"@type":"PropertyValueSpecification","valueRequired":true,"valueName":"search_term_string"}}],"inLanguage":"es-CL"}]}},"_links":{"self":[{"href":"https:\/\/www.polarizadochile.cl\/index.php\/wp-json\/wp\/v2\/pages\/430"}],"collection":[{"href":"https:\/\/www.polarizadochile.cl\/index.php\/wp-json\/wp\/v2\/pages"}],"about":[{"href":"https:\/\/www.polarizadochile.cl\/index.php\/wp-json\/wp\/v2\/types\/page"}],"author":[{"embeddable":true,"href":"https:\/\/www.polarizadochile.cl\/index.php\/wp-json\/wp\/v2\/users\/1"}],"replies":[{"embeddable":true,"href":"https:\/\/www.polarizadochile.cl\/index.php\/wp-json\/wp\/v2\/comments?post=430"}],"version-history":[{"count":0,"href":"https:\/\/www.polarizadochile.cl\/index.php\/wp-json\/wp\/v2\/pages\/430\/revisions"}],"wp:attachment":[{"href":"https:\/\/www.polarizadochile.cl\/index.php\/wp-json\/wp\/v2\/media?parent=430"}],"curies":[{"name":"wp","href":"https:\/\/api.w.org\/{rel}","templated":true}]}}